{"id":52,"date":"2026-01-26T13:31:29","date_gmt":"2026-01-26T12:31:29","guid":{"rendered":"http:\/\/k18580-1.server13.febas.net\/chv\/?page_id=52"},"modified":"2026-02-03T12:15:04","modified_gmt":"2026-02-03T11:15:04","slug":"was-wir-im-alltag-und-in-besonderen-situationen-unter-anderem-tun-um-ihnen-den-ruecken-frei-zu-halten","status":"publish","type":"page","link":"http:\/\/k18580-1.server13.febas.net\/chv\/?page_id=52","title":{"rendered":"Was wir im Alltag und in besonderen Situationen unter anderem tun, um Ihnen den R\u00fccken frei zu halten"},"content":{"rendered":"\n<h5 class=\"wp-block-heading\"><br><strong>Organisatorische Aufgaben<\/strong><\/h5>\n\n\n\n<ul class=\"wp-block-list\">\n<li>Korrespondenz mit Eigent\u00fcmern und Mietern &#8211; Transparente Kommunikation<\/li>\n\n\n\n<li>Organisation und Durchf\u00fchrung der digitaler\/ Pr\u00e4senz Eigent\u00fcmer\u00adversammlung<\/li>\n\n\n\n<li>Effiziente Sitzung\u00adsprotokolle<\/li>\n\n\n\n<li>F\u00fchrung von Beschluss\u00adsammlungen<\/li>\n\n\n\n<li>Transparente Hausordnung<\/li>\n\n\n\n<li>Flexible digitale Kommuni\u00adkationswege<\/li>\n\n\n\n<li>Beschwerde\u00admanagement<\/li>\n\n\n\n<li>Proaktive Ma\u00dfnahmen zur Fristen\u00adwahrung f\u00fcr maximale Rechtssicherheit<\/li>\n\n\n\n<li>Regelm\u00e4\u00dfige Beiratstreffen<\/li>\n\n\n\n<li>Digitales Vorgangs-Management f\u00fcr schnellere Prozesse<\/li>\n<\/ul>\n\n\n\n<h5 class=\"wp-block-heading\"><br><strong>Kaufm\u00e4nnisches<\/strong><\/h5>\n\n\n\n<ul class=\"wp-block-list\">\n<li>Erstellung und Pr\u00fcfung von Wirtschafts\u00adpl\u00e4nen<\/li>\n\n\n\n<li>Individuelle Finanzierungs\u00adkonzepte<\/li>\n\n\n\n<li>Abrechnungen, inkl. Rechnungs\u00adkontrolle und Belegpr\u00fcfung auch digital<\/li>\n\n\n\n<li>Buchf\u00fchrung und Pr\u00fcfung aller Geldeingang und Geldausg\u00e4nge<\/li>\n\n\n\n<li>Sichere Liquidit\u00e4t, Strategische Planung<\/li>\n\n\n\n<li>Verwaltung und Disponierung des Geldverkehrs<\/li>\n\n\n\n<li>Hausgeld\u00adabrechnungen inkl. Mahnwesen<\/li>\n\n\n\n<li>Verwaltung von Giro-, Festgeld- und Sparkonten<\/li>\n\n\n\n<li>Errechnung und Anforderung von Sonderumlagen<\/li>\n\n\n\n<li>Personal\u00adangelegenheiten von Angestellten der WEG<\/li>\n\n\n\n<li>Energie\u00adeffizienz steigern, pr\u00fcfen und optimieren von Energiekosten<\/li>\n\n\n\n<li>Erfassung und Buchung aller Einnahmen und Ausgaben<\/li>\n\n\n\n<li>Pr\u00fcfung und Dokumentation der Belege<\/li>\n\n\n\n<li>Abschluss und Pr\u00fcfung von Vertr\u00e4gen (Versicherungs\u00advertr\u00e4ge, Wartungsvertr\u00e4ge)<\/li>\n<\/ul>\n\n\n\n<h5 class=\"wp-block-heading\"><br><strong>Technisches<\/strong><\/h5>\n\n\n\n<ul class=\"wp-block-list\">\n<li>Pers\u00f6nlicher Au\u00dfendienst\u00admitarbeiter<\/li>\n\n\n\n<li>Effiziente Planung, Vergabe und Abrechnung<\/li>\n\n\n\n<li>Entwickeln ma\u00dfgeschneiderte Vorschl\u00e4ge f\u00fcr Modernisierungen<\/li>\n\n\n\n<li>Individuelle Sanierungs\u00adkonzepte<\/li>\n\n\n\n<li>Langfristige Erhaltungs\u00adstrategien zur Werterhaltung<\/li>\n\n\n\n<li>Planung der T\u00dcV-Kontrollen und Brandschutz<\/li>\n\n\n\n<li>Abwicklung von Versicherungsf\u00e4llen<\/li>\n\n\n\n<li>Nahtlose Planung mit Handwerkern und Hausmeistern<\/li>\n\n\n\n<li>Beauftragen von Sachverst\u00e4ndigen<\/li>\n\n\n\n<li>Entwicklung von Nutzungs\u00adkonzepten<\/li>\n\n\n\n<li>Ganzheitliche Quartiers\u00adplanung<\/li>\n\n\n\n<li>Erstellung, Begleitung und Auswertung von Angebots\u00adanfragen<\/li>\n\n\n\n<li>Effizientes Management von Notf\u00e4llen<\/li>\n\n\n\n<li>Umfassende Instandhaltungs\u00adaufnahmen detaillierte Bestands\u00adaufnahme<\/li>\n<\/ul>\n\n\n\n<p><br><strong>Warum wir die richtige Wahl f\u00fcr Ihre WEG sind<\/strong><\/p>\n\n\n\n<p>W\u00e4hrend viele Verwaltungen sich aus dem WEG-Bereich zur\u00fcckziehen, bieten wir Ihnen&nbsp;<strong>Stabilit\u00e4t<\/strong>. Wir kombinieren jahrzehntelange Erfahrung mit den Vorteilen der&nbsp;<strong>Digitalisierung<\/strong>, um auch kleine Gemeinschaften rentabel und professionell zu betreuen.<\/p>\n\n\n\n<p><strong>Sie suchen einen neuen Verwalter oder sind mit der aktuellen Betreuung unzufrieden?<\/strong><br><a href=\"http:\/\/k18580-1.server13.febas.net\/chv\/?page_id=32\" data-type=\"page\" data-id=\"32\">Fordern Sie jetzt Ihr unverbindliches Angebot an<\/a><\/p>\n\n\n\n<p><\/p>\n","protected":false},"excerpt":{"rendered":"<p>Organisatorische Aufgaben Kaufm\u00e4nnisches Technisches Warum wir die richtige Wahl f\u00fcr Ihre WEG sind W\u00e4hrend viele Verwaltungen sich aus dem WEG-Bereich zur\u00fcckziehen, bieten wir Ihnen&nbsp;Stabilit\u00e4t. Wir kombinieren jahrzehntelange Erfahrung mit den Vorteilen der&nbsp;Digitalisierung, um auch kleine Gemeinschaften rentabel und professionell zu betreuen. Sie suchen einen neuen Verwalter oder sind mit der aktuellen Betreuung unzufrieden?Fordern Sie jetzt &#8230; <a title=\"Was wir im Alltag und in besonderen Situationen unter anderem tun, um Ihnen den R\u00fccken frei zu halten\" class=\"read-more\" href=\"http:\/\/k18580-1.server13.febas.net\/chv\/?page_id=52\" aria-label=\"Mehr Informationen \u00fcber Was wir im Alltag und in besonderen Situationen unter anderem tun, um Ihnen den R\u00fccken frei zu halten\">Weiterlesen<\/a><\/p>\n","protected":false},"author":1,"featured_media":0,"parent":0,"menu_order":0,"comment_status":"closed","ping_status":"closed","template":"","meta":{"footnotes":""},"class_list":["post-52","page","type-page","status-publish"],"_links":{"self":[{"href":"http:\/\/k18580-1.server13.febas.net\/chv\/index.php?rest_route=\/wp\/v2\/pages\/52","targetHints":{"allow":["GET"]}}],"collection":[{"href":"http:\/\/k18580-1.server13.febas.net\/chv\/index.php?rest_route=\/wp\/v2\/pages"}],"about":[{"href":"http:\/\/k18580-1.server13.febas.net\/chv\/index.php?rest_route=\/wp\/v2\/types\/page"}],"author":[{"embeddable":true,"href":"http:\/\/k18580-1.server13.febas.net\/chv\/index.php?rest_route=\/wp\/v2\/users\/1"}],"replies":[{"embeddable":true,"href":"http:\/\/k18580-1.server13.febas.net\/chv\/index.php?rest_route=%2Fwp%2Fv2%2Fcomments&post=52"}],"version-history":[{"count":6,"href":"http:\/\/k18580-1.server13.febas.net\/chv\/index.php?rest_route=\/wp\/v2\/pages\/52\/revisions"}],"predecessor-version":[{"id":242,"href":"http:\/\/k18580-1.server13.febas.net\/chv\/index.php?rest_route=\/wp\/v2\/pages\/52\/revisions\/242"}],"wp:attachment":[{"href":"http:\/\/k18580-1.server13.febas.net\/chv\/index.php?rest_route=%2Fwp%2Fv2%2Fmedia&parent=52"}],"curies":[{"name":"wp","href":"https:\/\/api.w.org\/{rel}","templated":true}]}}