{"id":32,"date":"2026-01-26T12:44:22","date_gmt":"2026-01-26T11:44:22","guid":{"rendered":"http:\/\/k18580-1.server13.febas.net\/chv\/?page_id=32"},"modified":"2026-01-26T18:21:51","modified_gmt":"2026-01-26T17:21:51","slug":"kontakt","status":"publish","type":"page","link":"http:\/\/k18580-1.server13.febas.net\/chv\/?page_id=32","title":{"rendered":"Wir arbeiten gern pers\u00f6nlich.                                                                          Einfach einen Termin buchen!"},"content":{"rendered":"\n<p>Bei individuellen Fragen oder zur Vereinbarung eines Beratungsgespr\u00e4chs erreichen Sie uns telefonisch, per E-Mail oder auch \u00fcber das Kontaktformular.<\/p>\n\n\n\n<p><\/p>\n\n\n\n<p><strong>Unsere Kontaktdaten<\/strong><\/p>\n\n\n\n<p>Hausverwaltung Cuper<br>Patrick Cuper, Janet Cuper<br>Neuer Weg 6<br>35447 Reiskirchen &#8211; Saasen<\/p>\n\n\n\n<p>Telefon: 06401 \/ 2292600<\/p>\n\n\n\n<p>E-Mail: info@cuper-hausverwaltung.de<\/p>\n\n\n\n<p><br><strong>Gesch\u00e4ftszeiten<\/strong><br>Mo.\u2013Do. 08.00 \u2013 16.00 Uhr, Fr. 08.30 \u2013 13.30 Uhr<br><br><strong>Telefonzeiten:<\/strong><br>Mo.\u2013Fr. 08.30 \u2013 13.30 Uhr<br><br><br><\/p>\n\n\n\n<p><strong>Sie haben einen Notfall und m\u00fcssen uns deswegen dringend erreichen?<\/strong><\/p>\n\n\n\n<p>Nutzen Sie einfach unsere Notruf-Telefonnummer. <\/p>\n\n\n\n<p>Hier stehen wir Ihnen von 07:00 \u2013 22:00 Uhr gerne zur Seite.<\/p>\n\n\n\n<p>Notruf-Telefonnummer: 0151 \/ 40552260<\/p>\n\n\n\n<p><\/p>\n\n\n\n<p><br><strong>Wissenswertes f\u00fcr den Notfall<\/strong><\/p>\n\n\n\n<p>Bitte bedenken Sie: bis zum Eintreffen des Hausmeisters, der Notdienst- oder Fachfirma sollten Sie schadensmindernde Ma\u00dfnahmen ergreifen.<\/p>\n\n\n\n<p>Bei Rohrbr\u00fcchen sperren Sie gegebenenfalls die Haupth\u00e4hne in Ihrer Wohnung ab und drehen Sie die Hauptsicherung heraus. Falls keine Haupth\u00e4hne in Ihrer Wohnung vorhanden sind, sperren Sie bitte die Haupth\u00e4hne im Keller ab. Informieren Sie \u2013 soweit m\u00f6glich \u2013 Ihre Nachbarn.<\/p>\n\n\n\n<p>Bitte beachten Sie, dass Notdienste mit entsprechend hohen Kosten verbunden sind und diese nur Arbeiten ausf\u00fchren, welche der unmittelbaren Gefahrenabwehr dienen. Instandsetzungsma\u00dfnahmen werden im Anschluss von uns in die Wege geleitet.<\/p>\n\n\n\n<p><\/p>\n","protected":false},"excerpt":{"rendered":"<p>Bei individuellen Fragen oder zur Vereinbarung eines Beratungsgespr\u00e4chs erreichen Sie uns telefonisch, per E-Mail oder auch \u00fcber das Kontaktformular. Unsere Kontaktdaten Hausverwaltung CuperPatrick Cuper, Janet CuperNeuer Weg 635447 Reiskirchen &#8211; Saasen Telefon: 06401 \/ 2292600 E-Mail: info@cuper-hausverwaltung.de Gesch\u00e4ftszeitenMo.\u2013Do. 08.00 \u2013 16.00 Uhr, Fr. 08.30 \u2013 13.30 Uhr Telefonzeiten:Mo.\u2013Fr. 08.30 \u2013 13.30 Uhr Sie haben einen &#8230; <a title=\"Wir arbeiten gern pers\u00f6nlich.                                                                          Einfach einen Termin buchen!\" class=\"read-more\" href=\"http:\/\/k18580-1.server13.febas.net\/chv\/?page_id=32\" aria-label=\"Mehr Informationen \u00fcber Wir arbeiten gern pers\u00f6nlich.                                                                          Einfach einen Termin buchen!\">Weiterlesen<\/a><\/p>\n","protected":false},"author":1,"featured_media":0,"parent":0,"menu_order":0,"comment_status":"closed","ping_status":"closed","template":"","meta":{"footnotes":""},"class_list":["post-32","page","type-page","status-publish"],"_links":{"self":[{"href":"http:\/\/k18580-1.server13.febas.net\/chv\/index.php?rest_route=\/wp\/v2\/pages\/32","targetHints":{"allow":["GET"]}}],"collection":[{"href":"http:\/\/k18580-1.server13.febas.net\/chv\/index.php?rest_route=\/wp\/v2\/pages"}],"about":[{"href":"http:\/\/k18580-1.server13.febas.net\/chv\/index.php?rest_route=\/wp\/v2\/types\/page"}],"author":[{"embeddable":true,"href":"http:\/\/k18580-1.server13.febas.net\/chv\/index.php?rest_route=\/wp\/v2\/users\/1"}],"replies":[{"embeddable":true,"href":"http:\/\/k18580-1.server13.febas.net\/chv\/index.php?rest_route=%2Fwp%2Fv2%2Fcomments&post=32"}],"version-history":[{"count":14,"href":"http:\/\/k18580-1.server13.febas.net\/chv\/index.php?rest_route=\/wp\/v2\/pages\/32\/revisions"}],"predecessor-version":[{"id":159,"href":"http:\/\/k18580-1.server13.febas.net\/chv\/index.php?rest_route=\/wp\/v2\/pages\/32\/revisions\/159"}],"wp:attachment":[{"href":"http:\/\/k18580-1.server13.febas.net\/chv\/index.php?rest_route=%2Fwp%2Fv2%2Fmedia&parent=32"}],"curies":[{"name":"wp","href":"https:\/\/api.w.org\/{rel}","templated":true}]}}