{"id":111,"date":"2026-01-26T17:46:42","date_gmt":"2026-01-26T16:46:42","guid":{"rendered":"http:\/\/k18580-1.server13.febas.net\/chv\/?page_id=111"},"modified":"2026-01-28T16:37:36","modified_gmt":"2026-01-28T15:37:36","slug":"team","status":"publish","type":"page","link":"http:\/\/k18580-1.server13.febas.net\/chv\/?page_id=111","title":{"rendered":"Unser Team: Pers\u00f6nlich. Kompetent. Vor Ort."},"content":{"rendered":"\n<p>Hinter der Cuper Hausverwaltung stehen Menschen, die Immobilien lieben. Wir sind davon \u00fcberzeugt, dass eine gute Hausverwaltung nicht nur aus Paragraphen und Zahlen besteht, sondern vor allem aus gelungener Kommunikation.<\/p>\n\n\n\n<p><br>Lernen Sie die Gesichter kennen, die sich t\u00e4glich um den Werterhalt Ihrer Immobilie k\u00fcmmern.<\/p>\n\n\n\n<p><\/p>\n\n\n\n<h4 class=\"wp-block-heading\">Die Gesch\u00e4ftsf\u00fchrung<\/h4>\n\n\n\n<p><strong>Janet Cuper<\/strong> <em>Gesch\u00e4ftsf\u00fchrung \/ Immobilienfachwirtin (IHK)<\/em><\/p>\n\n\n\n<ul class=\"wp-block-list\">\n<li><strong>Schwerpunkt:<\/strong> Strategische Beratung, WEG-Management, B\u00fcroleitung.<\/li>\n\n\n\n<li><strong>Kontakt:<\/strong> janet.cuper@cuper-hausverwaltung.de<br><\/li>\n<\/ul>\n\n\n\n<p><strong>Patrick Cuper<\/strong> <em>Gesch\u00e4ftsf\u00fchrung<\/em><\/p>\n\n\n\n<ul class=\"wp-block-list\">\n<li><strong>Schwerpunkt:<\/strong> Strategische Beratung, Gro\u00dfprojekte, Au\u00dfentermine.<\/li>\n\n\n\n<li><strong>Kontakt:<\/strong> patrick.cuper@cuper-hausverwaltung.de<\/li>\n<\/ul>\n\n\n\n<h4 class=\"wp-block-heading\"><br>Ihre Ansprechpartner in der Verwaltung<\/h4>\n\n\n\n<p>Wir teilen unsere Expertise auf, um Ihnen in jedem Bereich die beste Qualit\u00e4t zu bieten:<br><br><\/p>\n\n\n\n<h6 class=\"wp-block-heading\"><strong>Diana Thei\u00df<\/strong> <em>Objektmanagement &amp; Mietverwaltung<\/em><\/h6>\n\n\n\n<ul class=\"wp-block-list\">\n<li><strong>Spezialgebiet:<\/strong> Mieterbetreuung, Mietvertr\u00e4ge und Wohnungsabnahmen.<\/li>\n\n\n\n<li><strong>Das sch\u00e4tzen Kunden:<\/strong> Ihre Ruhe in hektischen Situationen und ihr Auge f\u00fcrs Detail.<\/li>\n\n\n\n<li><strong>Kontakt:<\/strong> diana.thei\u00df@cuper-hausverwaltung.de<\/li>\n<\/ul>\n\n\n\n<h6 class=\"wp-block-heading\"><strong>Janet Cuper<\/strong> <em>Objektmanagement<\/em>, <em>Buchhaltung &amp; Abrechnungswesen<\/em><\/h6>\n\n\n\n<ul class=\"wp-block-list\">\n<li><strong>Spezialgebiet:<\/strong> Betriebs- und Hauskostenabrechnungen, Mahnwesen.<\/li>\n\n\n\n<li><strong>Das sch\u00e4tzen Kunden:<\/strong> Absolute Pr\u00e4zision und die F\u00e4higkeit, komplexe Abrechnungen verst\u00e4ndlich zu erkl\u00e4ren.<\/li>\n\n\n\n<li><strong>Kontakt:<\/strong> janet.cuper@cuper-hausverwaltung.de<\/li>\n<\/ul>\n\n\n\n<h4 class=\"wp-block-heading\"><br>Unsere technische Abteilung<\/h4>\n\n\n\n<p><strong>Patrick Cuper<\/strong> <em>Technische Leitung<\/em><\/p>\n\n\n\n<ul class=\"wp-block-list\">\n<li><strong>Aufgaben:<\/strong> Instandhaltungsplanung, Modernisierungskoordination, Handwerkersteuerung.<\/li>\n\n\n\n<li><strong>Kontakt:<\/strong> patrick.cuper@cuper-hausverwaltung.de<br><\/li>\n<\/ul>\n\n\n\n<h6 class=\"wp-block-heading\"><strong>Team Hausmeister<\/strong> <em>Technische Objektbetreuung<\/em><\/h6>\n\n\n\n<ul class=\"wp-block-list\">\n<li><strong>Aufgaben:<\/strong> Instandhaltung, Kleinreparaturen, Gartenpflege, Winterdienst<\/li>\n\n\n\n<li><strong>Kontakt:<\/strong> technik@cuper-hausverwaltung.de<\/li>\n<\/ul>\n\n\n\n<p><\/p>\n","protected":false},"excerpt":{"rendered":"<p>Hinter der Cuper Hausverwaltung stehen Menschen, die Immobilien lieben. Wir sind davon \u00fcberzeugt, dass eine gute Hausverwaltung nicht nur aus Paragraphen und Zahlen besteht, sondern vor allem aus gelungener Kommunikation. Lernen Sie die Gesichter kennen, die sich t\u00e4glich um den Werterhalt Ihrer Immobilie k\u00fcmmern. Die Gesch\u00e4ftsf\u00fchrung Janet Cuper Gesch\u00e4ftsf\u00fchrung \/ Immobilienfachwirtin (IHK) Patrick Cuper Gesch\u00e4ftsf\u00fchrung &#8230; <a title=\"Unser Team: Pers\u00f6nlich. Kompetent. Vor Ort.\" class=\"read-more\" href=\"http:\/\/k18580-1.server13.febas.net\/chv\/?page_id=111\" aria-label=\"Mehr Informationen \u00fcber Unser Team: Pers\u00f6nlich. Kompetent. Vor Ort.\">Weiterlesen<\/a><\/p>\n","protected":false},"author":1,"featured_media":0,"parent":0,"menu_order":0,"comment_status":"closed","ping_status":"closed","template":"","meta":{"footnotes":""},"class_list":["post-111","page","type-page","status-publish"],"_links":{"self":[{"href":"http:\/\/k18580-1.server13.febas.net\/chv\/index.php?rest_route=\/wp\/v2\/pages\/111","targetHints":{"allow":["GET"]}}],"collection":[{"href":"http:\/\/k18580-1.server13.febas.net\/chv\/index.php?rest_route=\/wp\/v2\/pages"}],"about":[{"href":"http:\/\/k18580-1.server13.febas.net\/chv\/index.php?rest_route=\/wp\/v2\/types\/page"}],"author":[{"embeddable":true,"href":"http:\/\/k18580-1.server13.febas.net\/chv\/index.php?rest_route=\/wp\/v2\/users\/1"}],"replies":[{"embeddable":true,"href":"http:\/\/k18580-1.server13.febas.net\/chv\/index.php?rest_route=%2Fwp%2Fv2%2Fcomments&post=111"}],"version-history":[{"count":15,"href":"http:\/\/k18580-1.server13.febas.net\/chv\/index.php?rest_route=\/wp\/v2\/pages\/111\/revisions"}],"predecessor-version":[{"id":182,"href":"http:\/\/k18580-1.server13.febas.net\/chv\/index.php?rest_route=\/wp\/v2\/pages\/111\/revisions\/182"}],"wp:attachment":[{"href":"http:\/\/k18580-1.server13.febas.net\/chv\/index.php?rest_route=%2Fwp%2Fv2%2Fmedia&parent=111"}],"curies":[{"name":"wp","href":"https:\/\/api.w.org\/{rel}","templated":true}]}}